{"id":712,"date":"2024-11-08T18:08:30","date_gmt":"2024-11-08T18:08:30","guid":{"rendered":"https:\/\/limpieza.areaintercaravan.es\/?page_id=712"},"modified":"2025-12-04T14:25:32","modified_gmt":"2025-12-04T14:25:32","slug":"nuestros-servicios","status":"publish","type":"page","link":"https:\/\/limpieza.areaintercaravan.es\/index.php\/nuestros-servicios\/","title":{"rendered":"Nuestros servicios"},"content":{"rendered":"\n<h4 class=\"wp-block-heading\">Nuestros servicios dependen de nuestros dependen de la disponibilidad de nuestros centros <\/h4>\n\n\n\n<h2 class=\"wp-block-heading\">Transporte<\/h2>\n\n\n\n<div style=\"height:20px\" aria-hidden=\"true\" class=\"wp-block-spacer\"><\/div>\n\n\n\n<div class=\"wp-block-columns is-layout-flex wp-container-core-columns-is-layout-9d6595d7 wp-block-columns-is-layout-flex\">\n<div class=\"wp-block-column is-layout-flow wp-block-column-is-layout-flow\" style=\"flex-basis:66.66%\">\n<div class=\"wp-block-jetpack-tiled-gallery aligncenter is-style-rectangular\"><div class=\"\"><div class=\"tiled-gallery__gallery\"><div class=\"tiled-gallery__row\"><div class=\"tiled-gallery__col\" style=\"flex-basis:63.95618%\"><figure class=\"tiled-gallery__item\"><img decoding=\"async\" srcset=\"https:\/\/i0.wp.com\/limpieza.areaintercaravan.es\/wp-content\/uploads\/2025\/02\/CAM00290-1-1024x768.jpg?strip=info&#038;w=600&#038;ssl=1 600w,https:\/\/i0.wp.com\/limpieza.areaintercaravan.es\/wp-content\/uploads\/2025\/02\/CAM00290-1-1024x768.jpg?strip=info&#038;w=900&#038;ssl=1 900w,https:\/\/i0.wp.com\/limpieza.areaintercaravan.es\/wp-content\/uploads\/2025\/02\/CAM00290-1-1024x768.jpg?strip=info&#038;w=1200&#038;ssl=1 1200w,https:\/\/i0.wp.com\/limpieza.areaintercaravan.es\/wp-content\/uploads\/2025\/02\/CAM00290-1-1024x768.jpg?strip=info&#038;w=1500&#038;ssl=1 1500w,https:\/\/i0.wp.com\/limpieza.areaintercaravan.es\/wp-content\/uploads\/2025\/02\/CAM00290-1-1024x768.jpg?strip=info&#038;w=1800&#038;ssl=1 1800w,https:\/\/i0.wp.com\/limpieza.areaintercaravan.es\/wp-content\/uploads\/2025\/02\/CAM00290-1-1024x768.jpg?strip=info&#038;w=2000&#038;ssl=1 2000w\" alt=\"\" data-height=\"1920\" data-id=\"925\" data-link=\"https:\/\/limpieza.areaintercaravan.es\/index.php\/nuestros-servicios\/cam00290-2\/#main\" data-url=\"https:\/\/limpieza.areaintercaravan.es\/wp-content\/uploads\/2025\/02\/CAM00290-1-1024x768.jpg\" data-width=\"2560\" src=\"https:\/\/i0.wp.com\/limpieza.areaintercaravan.es\/wp-content\/uploads\/2025\/02\/CAM00290-1-1024x768.jpg?ssl=1\" data-amp-layout=\"responsive\"\/><\/figure><\/div><div class=\"tiled-gallery__col\" style=\"flex-basis:36.04382%\"><figure class=\"tiled-gallery__item\"><img decoding=\"async\" srcset=\"https:\/\/i0.wp.com\/limpieza.areaintercaravan.es\/wp-content\/uploads\/2025\/02\/CAM00758-1-768x1024.jpg?strip=info&#038;w=600&#038;ssl=1 600w,https:\/\/i0.wp.com\/limpieza.areaintercaravan.es\/wp-content\/uploads\/2025\/02\/CAM00758-1-768x1024.jpg?strip=info&#038;w=900&#038;ssl=1 900w,https:\/\/i0.wp.com\/limpieza.areaintercaravan.es\/wp-content\/uploads\/2025\/02\/CAM00758-1-768x1024.jpg?strip=info&#038;w=1200&#038;ssl=1 1200w,https:\/\/i0.wp.com\/limpieza.areaintercaravan.es\/wp-content\/uploads\/2025\/02\/CAM00758-1-768x1024.jpg?strip=info&#038;w=1500&#038;ssl=1 1500w,https:\/\/i0.wp.com\/limpieza.areaintercaravan.es\/wp-content\/uploads\/2025\/02\/CAM00758-1-768x1024.jpg?strip=info&#038;w=1800&#038;ssl=1 1800w,https:\/\/i0.wp.com\/limpieza.areaintercaravan.es\/wp-content\/uploads\/2025\/02\/CAM00758-1-768x1024.jpg?strip=info&#038;w=1920&#038;ssl=1 1920w\" alt=\"\" data-height=\"2560\" data-id=\"926\" data-link=\"https:\/\/limpieza.areaintercaravan.es\/index.php\/nuestros-servicios\/cam00758-2\/#main\" data-url=\"https:\/\/limpieza.areaintercaravan.es\/wp-content\/uploads\/2025\/02\/CAM00758-1-768x1024.jpg\" data-width=\"1920\" src=\"https:\/\/i0.wp.com\/limpieza.areaintercaravan.es\/wp-content\/uploads\/2025\/02\/CAM00758-1-768x1024.jpg?ssl=1\" data-amp-layout=\"responsive\"\/><\/figure><\/div><\/div><div class=\"tiled-gallery__row\"><div class=\"tiled-gallery__col\" style=\"flex-basis:28.04800%\"><figure class=\"tiled-gallery__item\"><img decoding=\"async\" srcset=\"https:\/\/i0.wp.com\/limpieza.areaintercaravan.es\/wp-content\/uploads\/2025\/02\/IMG_20170119_130220.jpg?strip=info&#038;w=600&#038;ssl=1 600w,https:\/\/i0.wp.com\/limpieza.areaintercaravan.es\/wp-content\/uploads\/2025\/02\/IMG_20170119_130220.jpg?strip=info&#038;w=900&#038;ssl=1 900w,https:\/\/i0.wp.com\/limpieza.areaintercaravan.es\/wp-content\/uploads\/2025\/02\/IMG_20170119_130220.jpg?strip=info&#038;w=1200&#038;ssl=1 1200w,https:\/\/i0.wp.com\/limpieza.areaintercaravan.es\/wp-content\/uploads\/2025\/02\/IMG_20170119_130220.jpg?strip=info&#038;w=1500&#038;ssl=1 1500w,https:\/\/i0.wp.com\/limpieza.areaintercaravan.es\/wp-content\/uploads\/2025\/02\/IMG_20170119_130220.jpg?strip=info&#038;w=1800&#038;ssl=1 1800w,https:\/\/i0.wp.com\/limpieza.areaintercaravan.es\/wp-content\/uploads\/2025\/02\/IMG_20170119_130220.jpg?strip=info&#038;w=2000&#038;ssl=1 2000w\" alt=\"\" data-height=\"1920\" data-id=\"930\" data-link=\"https:\/\/limpieza.areaintercaravan.es\/index.php\/nuestros-servicios\/img_20170119_130220\/#main\" data-url=\"https:\/\/limpieza.areaintercaravan.es\/wp-content\/uploads\/2025\/02\/IMG_20170119_130220.jpg\" data-width=\"2560\" src=\"https:\/\/i0.wp.com\/limpieza.areaintercaravan.es\/wp-content\/uploads\/2025\/02\/IMG_20170119_130220.jpg?ssl=1\" data-amp-layout=\"responsive\"\/><\/figure><\/div><div class=\"tiled-gallery__col\" style=\"flex-basis:28.04800%\"><figure class=\"tiled-gallery__item\"><img decoding=\"async\" srcset=\"https:\/\/i0.wp.com\/limpieza.areaintercaravan.es\/wp-content\/uploads\/2025\/02\/IMG_20120706_204805-1024x768.jpg?strip=info&#038;w=600&#038;ssl=1 600w,https:\/\/i0.wp.com\/limpieza.areaintercaravan.es\/wp-content\/uploads\/2025\/02\/IMG_20120706_204805-1024x768.jpg?strip=info&#038;w=900&#038;ssl=1 900w,https:\/\/i0.wp.com\/limpieza.areaintercaravan.es\/wp-content\/uploads\/2025\/02\/IMG_20120706_204805-1024x768.jpg?strip=info&#038;w=1200&#038;ssl=1 1200w,https:\/\/i0.wp.com\/limpieza.areaintercaravan.es\/wp-content\/uploads\/2025\/02\/IMG_20120706_204805-1024x768.jpg?strip=info&#038;w=1500&#038;ssl=1 1500w,https:\/\/i0.wp.com\/limpieza.areaintercaravan.es\/wp-content\/uploads\/2025\/02\/IMG_20120706_204805-1024x768.jpg?strip=info&#038;w=1800&#038;ssl=1 1800w,https:\/\/i0.wp.com\/limpieza.areaintercaravan.es\/wp-content\/uploads\/2025\/02\/IMG_20120706_204805-1024x768.jpg?strip=info&#038;w=2000&#038;ssl=1 2000w\" alt=\"\" data-height=\"1920\" data-id=\"929\" data-link=\"https:\/\/limpieza.areaintercaravan.es\/index.php\/nuestros-servicios\/img_20120706_204805\/#main\" data-url=\"https:\/\/limpieza.areaintercaravan.es\/wp-content\/uploads\/2025\/02\/IMG_20120706_204805-1024x768.jpg\" data-width=\"2560\" src=\"https:\/\/i0.wp.com\/limpieza.areaintercaravan.es\/wp-content\/uploads\/2025\/02\/IMG_20120706_204805-1024x768.jpg?ssl=1\" data-amp-layout=\"responsive\"\/><\/figure><\/div><div class=\"tiled-gallery__col\" style=\"flex-basis:15.85601%\"><figure class=\"tiled-gallery__item\"><img decoding=\"async\" srcset=\"https:\/\/i0.wp.com\/limpieza.areaintercaravan.es\/wp-content\/uploads\/2025\/02\/CAM00761-1-768x1024.jpg?strip=info&#038;w=600&#038;ssl=1 600w,https:\/\/i0.wp.com\/limpieza.areaintercaravan.es\/wp-content\/uploads\/2025\/02\/CAM00761-1-768x1024.jpg?strip=info&#038;w=900&#038;ssl=1 900w,https:\/\/i0.wp.com\/limpieza.areaintercaravan.es\/wp-content\/uploads\/2025\/02\/CAM00761-1-768x1024.jpg?strip=info&#038;w=1200&#038;ssl=1 1200w,https:\/\/i0.wp.com\/limpieza.areaintercaravan.es\/wp-content\/uploads\/2025\/02\/CAM00761-1-768x1024.jpg?strip=info&#038;w=1500&#038;ssl=1 1500w,https:\/\/i0.wp.com\/limpieza.areaintercaravan.es\/wp-content\/uploads\/2025\/02\/CAM00761-1-768x1024.jpg?strip=info&#038;w=1800&#038;ssl=1 1800w,https:\/\/i0.wp.com\/limpieza.areaintercaravan.es\/wp-content\/uploads\/2025\/02\/CAM00761-1-768x1024.jpg?strip=info&#038;w=1920&#038;ssl=1 1920w\" alt=\"\" data-height=\"2560\" data-id=\"928\" data-link=\"https:\/\/limpieza.areaintercaravan.es\/index.php\/nuestros-servicios\/cam00761-2\/#main\" data-url=\"https:\/\/limpieza.areaintercaravan.es\/wp-content\/uploads\/2025\/02\/CAM00761-1-768x1024.jpg\" data-width=\"1920\" src=\"https:\/\/i0.wp.com\/limpieza.areaintercaravan.es\/wp-content\/uploads\/2025\/02\/CAM00761-1-768x1024.jpg?ssl=1\" data-amp-layout=\"responsive\"\/><\/figure><\/div><div class=\"tiled-gallery__col\" style=\"flex-basis:28.04800%\"><figure class=\"tiled-gallery__item\"><img decoding=\"async\" srcset=\"https:\/\/i0.wp.com\/limpieza.areaintercaravan.es\/wp-content\/uploads\/2025\/02\/CAM00759-1024x768.jpg?strip=info&#038;w=600&#038;ssl=1 600w,https:\/\/i0.wp.com\/limpieza.areaintercaravan.es\/wp-content\/uploads\/2025\/02\/CAM00759-1024x768.jpg?strip=info&#038;w=900&#038;ssl=1 900w,https:\/\/i0.wp.com\/limpieza.areaintercaravan.es\/wp-content\/uploads\/2025\/02\/CAM00759-1024x768.jpg?strip=info&#038;w=1200&#038;ssl=1 1200w,https:\/\/i0.wp.com\/limpieza.areaintercaravan.es\/wp-content\/uploads\/2025\/02\/CAM00759-1024x768.jpg?strip=info&#038;w=1500&#038;ssl=1 1500w,https:\/\/i0.wp.com\/limpieza.areaintercaravan.es\/wp-content\/uploads\/2025\/02\/CAM00759-1024x768.jpg?strip=info&#038;w=1800&#038;ssl=1 1800w,https:\/\/i0.wp.com\/limpieza.areaintercaravan.es\/wp-content\/uploads\/2025\/02\/CAM00759-1024x768.jpg?strip=info&#038;w=2000&#038;ssl=1 2000w\" alt=\"\" data-height=\"1920\" data-id=\"927\" data-link=\"https:\/\/limpieza.areaintercaravan.es\/index.php\/nuestros-servicios\/cam00759\/#main\" data-url=\"https:\/\/limpieza.areaintercaravan.es\/wp-content\/uploads\/2025\/02\/CAM00759-1024x768.jpg\" data-width=\"2560\" src=\"https:\/\/i0.wp.com\/limpieza.areaintercaravan.es\/wp-content\/uploads\/2025\/02\/CAM00759-1024x768.jpg?ssl=1\" data-amp-layout=\"responsive\"\/><\/figure><\/div><\/div><\/div><\/div><\/div>\n<\/div>\n\n\n\n<div class=\"wp-block-column is-layout-flow wp-block-column-is-layout-flow\" style=\"flex-basis:33.33%\">\n<div style=\"height:100px\" aria-hidden=\"true\" class=\"wp-block-spacer\"><\/div>\n\n\n\n<p class=\"has-text-align-center\">Realizamos transportes de cualquier tipo de caravana, coche o barco de poco calado a toda Espa\u00f1a.<\/p>\n\n\n\n<p class=\"has-text-align-center\">Los veh\u00edculos son transportados en una plataforma, es decir no van rodando, no es necesario que el veh\u00edculo tenga seguro o tenga documentaci\u00f3n.<\/p>\n\n\n\n<p class=\"has-text-align-center\">Nuestro personal dispone de todos los permisos de la DGT para poder conducir los veh\u00edculos que disponemos, as\u00ed como una gran experiencia en el mundo del transporte.<\/p>\n<\/div>\n\n\n\n<div class=\"wp-block-column is-layout-flow wp-block-column-is-layout-flow\"><\/div>\n<\/div>\n\n\n\n<div style=\"height:20px\" aria-hidden=\"true\" class=\"wp-block-spacer\"><\/div>\n\n\n\n<div style=\"height:20px\" aria-hidden=\"true\" class=\"wp-block-spacer\"><\/div>\n\n\n\n<h2 class=\"wp-block-heading\">Ventas<\/h2>\n\n\n\n<h4 class=\"wp-block-heading\">Disponemos de un departamento de ventas con una gran experiencia en el mundo de las caravanas<\/h4>\n\n\n\n<h6 class=\"wp-block-heading\">Actualmente somos distribuidores de mini caravanas nuevas y disponemos de caravanas de segunda mano listas para disfrutar<\/h6>\n\n\n\n<div class=\"wp-block-columns is-layout-flex wp-container-core-columns-is-layout-9d6595d7 wp-block-columns-is-layout-flex\">\n<div class=\"wp-block-column is-layout-flow wp-block-column-is-layout-flow\">\n<div class=\"wp-block-media-text is-stacked-on-mobile\"><figure class=\"wp-block-media-text__media\"><img loading=\"lazy\" decoding=\"async\" width=\"565\" height=\"390\" src=\"https:\/\/limpieza.areaintercaravan.es\/wp-content\/uploads\/2024\/03\/imgbasic.png\" alt=\"\" class=\"wp-image-493 size-full\" srcset=\"https:\/\/limpieza.areaintercaravan.es\/wp-content\/uploads\/2024\/03\/imgbasic.png 565w, https:\/\/limpieza.areaintercaravan.es\/wp-content\/uploads\/2024\/03\/imgbasic-300x207.png 300w\" sizes=\"auto, (max-width: 565px) 100vw, 565px\" \/><\/figure><div class=\"wp-block-media-text__content\">\n<p>Caravanas de Sevilla<\/p>\n\n\n\n<div class=\"wp-block-buttons is-content-justification-center is-layout-flex wp-container-core-buttons-is-layout-e1485a7b wp-block-buttons-is-layout-flex\">\n<div class=\"wp-block-button\"><a class=\"wp-block-button__link has-accent-color has-global-color-9-background-color has-text-color has-background has-link-color wp-element-button\">Mas informaci\u00f3n<\/a><\/div>\n<\/div>\n<\/div><\/div>\n<\/div>\n\n\n\n<div class=\"wp-block-column is-layout-flow wp-block-column-is-layout-flow\">\n<div class=\"wp-block-media-text is-stacked-on-mobile\"><figure class=\"wp-block-media-text__media\"><img loading=\"lazy\" decoding=\"async\" width=\"1024\" height=\"768\" src=\"https:\/\/limpieza.areaintercaravan.es\/wp-content\/uploads\/2025\/02\/CAM00290-1-1024x768.jpg\" alt=\"\" class=\"wp-image-925 size-full\" srcset=\"https:\/\/limpieza.areaintercaravan.es\/wp-content\/uploads\/2025\/02\/CAM00290-1-1024x768.jpg 1024w, https:\/\/limpieza.areaintercaravan.es\/wp-content\/uploads\/2025\/02\/CAM00290-1-300x225.jpg 300w, https:\/\/limpieza.areaintercaravan.es\/wp-content\/uploads\/2025\/02\/CAM00290-1-768x576.jpg 768w, https:\/\/limpieza.areaintercaravan.es\/wp-content\/uploads\/2025\/02\/CAM00290-1-1536x1152.jpg 1536w, https:\/\/limpieza.areaintercaravan.es\/wp-content\/uploads\/2025\/02\/CAM00290-1-2048x1536.jpg 2048w\" sizes=\"auto, (max-width: 1024px) 100vw, 1024px\" \/><\/figure><div class=\"wp-block-media-text__content\">\n<p>Caravanas de segunda mano revisadas por nuestro personal<\/p>\n\n\n\n<div class=\"wp-block-buttons is-content-justification-center is-layout-flex wp-container-core-buttons-is-layout-e1485a7b wp-block-buttons-is-layout-flex\">\n<div class=\"wp-block-button\"><a class=\"wp-block-button__link has-contrast-color has-global-color-9-background-color has-text-color has-background has-link-color wp-element-button\">Mas informaci\u00f3n<\/a><\/div>\n<\/div>\n<\/div><\/div>\n<\/div>\n<\/div>\n\n\n\n<div style=\"height:20px\" aria-hidden=\"true\" class=\"wp-block-spacer\"><\/div>\n\n\n\n<div style=\"height:20px\" aria-hidden=\"true\" class=\"wp-block-spacer\"><\/div>\n\n\n\n<div class=\"wp-block-columns is-layout-flex wp-container-core-columns-is-layout-9d6595d7 wp-block-columns-is-layout-flex\">\n<div class=\"wp-block-column is-layout-flow wp-block-column-is-layout-flow\" style=\"flex-basis:20%\">\n<h2 class=\"wp-block-heading has-text-align-center\">Seguros<\/h2>\n\n\n\n<p>Trabajamos con varias casas de seguros (AXA MAPFRE OCCIDENTE )para asegurar su caravana o lo que usted quiera<\/p>\n<\/div>\n\n\n\n<div class=\"wp-block-column is-layout-flow wp-block-column-is-layout-flow\" style=\"flex-basis:20%\">\n<h2 class=\"wp-block-heading has-text-align-center\">I.T.V.<\/h2>\n\n\n\n<p>Trabajamos con varias casas de seguros (AXA MAPFRE OCCIDENTE )para asegurar su caravana o lo que usted quiera<\/p>\n<\/div>\n\n\n\n<div class=\"wp-block-column is-layout-flow wp-block-column-is-layout-flow\" style=\"flex-basis:20%\">\n<h2 class=\"wp-block-heading has-text-align-center\">Revisi\u00f3n de gas<\/h2>\n\n\n\n<p>Trabajamos con varias casas de seguros (AXA MAPFRE OCCIDENTE )para asegurar su caravana o lo que usted quiera<\/p>\n<\/div>\n\n\n\n<div class=\"wp-block-column is-layout-flow wp-block-column-is-layout-flow\" style=\"flex-basis:20%\">\n<h2 class=\"wp-block-heading has-text-align-center\">Cambio de neum\u00e1ticos<\/h2>\n\n\n\n<p>Trabajamos con varias casas de seguros (AXA MAPFRE OCCIDENTE )para asegurar su caravana o lo que usted quiera<\/p>\n<\/div>\n\n\n\n<div class=\"wp-block-column is-layout-flow wp-block-column-is-layout-flow\" style=\"flex-basis:20%\">\n<h2 class=\"wp-block-heading has-text-align-center\">Autolavado<\/h2>\n\n\n\n<p>Trabajamos con varias casas de seguros (AXA MAPFRE OCCIDENTE )para asegurar su caravana o lo que usted quiera<\/p>\n<\/div>\n<\/div>\n\n\n\n<div class=\"wp-block-columns is-layout-flex wp-container-core-columns-is-layout-9d6595d7 wp-block-columns-is-layout-flex\">\n<div class=\"wp-block-column is-layout-flow wp-block-column-is-layout-flow\" style=\"flex-basis:20%\">\n<h2 class=\"wp-block-heading has-text-align-center\">Rellenado de aguas <\/h2>\n\n\n\n<p>Trabajamos con varias casas de seguros (AXA MAPFRE OCCIDENTE )para asegurar su caravana o lo que usted quiera<\/p>\n<\/div>\n\n\n\n<div class=\"wp-block-column is-layout-flow wp-block-column-is-layout-flow\" style=\"flex-basis:20%\">\n<h2 class=\"wp-block-heading has-text-align-center\">Vaciado de aguas grises<\/h2>\n\n\n\n<p>Trabajamos con varias casas de seguros (AXA MAPFRE OCCIDENTE )para asegurar su caravana o lo que usted quiera<\/p>\n<\/div>\n\n\n\n<div class=\"wp-block-column is-layout-flow wp-block-column-is-layout-flow\" style=\"flex-basis:20%\">\n<h2 class=\"wp-block-heading has-text-align-center\">Vaciado de aguas negras<\/h2>\n\n\n\n<p>Trabajamos con varias casas de seguros (AXA MAPFRE OCCIDENTE )para asegurar su caravana o lo que usted quiera<\/p>\n<\/div>\n<\/div>\n\n\n\n<p><\/p>\n","protected":false},"excerpt":{"rendered":"<p>Nuestros servicios dependen de nuestros dependen de la disponibilidad de nuestros centros Transporte Realizamos transportes de cualquier tipo de caravana, coche o barco de poco calado a toda Espa\u00f1a. Los veh\u00edculos son transportados en una plataforma, es decir no van rodando, no es necesario que el veh\u00edculo tenga seguro o tenga documentaci\u00f3n. Nuestro personal dispone &#8230; <a title=\"Nuestros servicios\" class=\"read-more\" href=\"https:\/\/limpieza.areaintercaravan.es\/index.php\/nuestros-servicios\/\" aria-label=\"Read more about Nuestros servicios\">Read more<\/a><\/p>\n","protected":false},"author":1,"featured_media":0,"parent":0,"menu_order":0,"comment_status":"closed","ping_status":"closed","template":"","meta":{"_regular_price":[],"currency_symbol":[],"footnotes":""},"class_list":["post-712","page","type-page","status-publish"],"post_slider_layout_featured_media_urls":{"thumbnail":"","post_slider_layout_landscape_large":"","post_slider_layout_portrait_large":"","post_slider_layout_square_large":"","post_slider_layout_landscape":"","post_slider_layout_portrait":"","post_slider_layout_square":"","full":""},"jetpack_sharing_enabled":true,"_links":{"self":[{"href":"https:\/\/limpieza.areaintercaravan.es\/index.php\/wp-json\/wp\/v2\/pages\/712","targetHints":{"allow":["GET"]}}],"collection":[{"href":"https:\/\/limpieza.areaintercaravan.es\/index.php\/wp-json\/wp\/v2\/pages"}],"about":[{"href":"https:\/\/limpieza.areaintercaravan.es\/index.php\/wp-json\/wp\/v2\/types\/page"}],"author":[{"embeddable":true,"href":"https:\/\/limpieza.areaintercaravan.es\/index.php\/wp-json\/wp\/v2\/users\/1"}],"replies":[{"embeddable":true,"href":"https:\/\/limpieza.areaintercaravan.es\/index.php\/wp-json\/wp\/v2\/comments?post=712"}],"version-history":[{"count":17,"href":"https:\/\/limpieza.areaintercaravan.es\/index.php\/wp-json\/wp\/v2\/pages\/712\/revisions"}],"predecessor-version":[{"id":1337,"href":"https:\/\/limpieza.areaintercaravan.es\/index.php\/wp-json\/wp\/v2\/pages\/712\/revisions\/1337"}],"wp:attachment":[{"href":"https:\/\/limpieza.areaintercaravan.es\/index.php\/wp-json\/wp\/v2\/media?parent=712"}],"curies":[{"name":"wp","href":"https:\/\/api.w.org\/{rel}","templated":true}]}}